{"id":13,"date":"2021-04-28T17:05:28","date_gmt":"2021-04-28T17:05:28","guid":{"rendered":"http:\/\/elbenegre.es\/?page_id=13"},"modified":"2021-05-22T10:46:48","modified_gmt":"2021-05-22T10:46:48","slug":"acerca-de","status":"publish","type":"page","link":"https:\/\/elbenegre.es\/index.php\/acerca-de\/","title":{"rendered":"sobre nosaltres"},"content":{"rendered":"\n<p>La botiga \u00abel Be Negre\u00bb \u00e9s un espai on trobar\u00e0s la obra de la ceramista Montse Aiguad\u00e9  i escultures de Vicente Garc\u00eda<\/p>\n\n\n\n<figure class=\"wp-block-pullquote is-style-solid-color\"><blockquote><p>MONTSE AIGUAD\u00c9<\/p><\/blockquote><\/figure>\n\n\n\n<p>La cer\u00e0mica \u00e9s la meva passi\u00f3, despr\u00e8s de 25 anys treballant de ceramista disfruto cada d\u00eda com el primer.<\/p>\n\n\n\n<p>El meu treball es basa en la inspiraci\u00f3 de la natura; el mar, la sorra, les montanyes, les plantes i flors, l&#8217;univers. Els elements que ens envolten estan reflexats en cada una de les col.lecci\u00f3ns fetes al llarg de la meva carrera com ceramista.<\/p>\n\n\n\n<ul class=\"wp-block-list\"><li>Or\u00edgens<\/li><li>Sahara<\/li><li>Mediterr\u00e0nia<\/li><li>Natura<\/li><li>Cosmos<\/li><\/ul>\n\n\n\n<p>El meu treball realitzat amb terres refract\u00e0ries i gres, cu\u00efts a 1.260 graus, mostren la textura del mateix fang donant un acabat r\u00fastic, combinat amb llapi\u00e7ades d&#8217;esmalts personals elavorats un a un buscant sempre el color i la textura adequada per cada pe\u00e7a. <\/p>\n\n\n\n<blockquote class=\"wp-block-quote is-layout-flow wp-block-quote-is-layout-flow\"><p>VICENTE GARC\u00cdA<\/p><\/blockquote>\n\n\n\n<p>Amant de la restauraci\u00f3  tant de mobles com d&#8217;espais. Dissenyant l&#8217;interior de la botiga.<\/p>\n\n\n\n<p>Cer\u00e0mista-escultor autodid\u00e0cta, la meva obra realitzada amb pastes refract\u00e0ries i \u00f2xids busca la transformaci\u00f3 de les formes, erosionant el fang i buscant formes arm\u00f2niques i pasisatges des\u00e8rtics. <\/p>\n\n\n\n<p><\/p>\n\n\n\n<p><\/p>\n","protected":false},"excerpt":{"rendered":"<p>La botiga \u00abel Be Negre\u00bb \u00e9s un espai on trobar\u00e0s la obra de la ceramista Montse Aiguad\u00e9 i escultures de Vicente Garc\u00eda MONTSE AIGUAD\u00c9 La &hellip; <\/p>\n","protected":false},"author":1,"featured_media":0,"parent":0,"menu_order":0,"comment_status":"closed","ping_status":"closed","template":"","meta":{"footnotes":""},"class_list":["post-13","page","type-page","status-publish","hentry","latest_post"],"_links":{"self":[{"href":"https:\/\/elbenegre.es\/index.php\/wp-json\/wp\/v2\/pages\/13","targetHints":{"allow":["GET"]}}],"collection":[{"href":"https:\/\/elbenegre.es\/index.php\/wp-json\/wp\/v2\/pages"}],"about":[{"href":"https:\/\/elbenegre.es\/index.php\/wp-json\/wp\/v2\/types\/page"}],"author":[{"embeddable":true,"href":"https:\/\/elbenegre.es\/index.php\/wp-json\/wp\/v2\/users\/1"}],"replies":[{"embeddable":true,"href":"https:\/\/elbenegre.es\/index.php\/wp-json\/wp\/v2\/comments?post=13"}],"version-history":[{"count":5,"href":"https:\/\/elbenegre.es\/index.php\/wp-json\/wp\/v2\/pages\/13\/revisions"}],"predecessor-version":[{"id":170,"href":"https:\/\/elbenegre.es\/index.php\/wp-json\/wp\/v2\/pages\/13\/revisions\/170"}],"wp:attachment":[{"href":"https:\/\/elbenegre.es\/index.php\/wp-json\/wp\/v2\/media?parent=13"}],"curies":[{"name":"wp","href":"https:\/\/api.w.org\/{rel}","templated":true}]}}